{"id":32,"date":"2019-05-13T10:25:08","date_gmt":"2019-05-13T10:25:08","guid":{"rendered":"http:\/\/chorgemeinschaft-ebersweier.de\/?page_id=32"},"modified":"2024-10-14T16:20:19","modified_gmt":"2024-10-14T16:20:19","slug":"impressum-2","status":"publish","type":"page","link":"https:\/\/chorgemeinschaft-ebersweier.de\/?page_id=32","title":{"rendered":"Impressum"},"content":{"rendered":"\n<p><strong>Angaben gem\u00e4\u00df \u00a7 5 TMG<\/strong><br> Chorgemeinschaft Ebersweier e.V.<br> 77770 Durbach-Ebersweier<\/p>\n\n\n\n<p>Vereinsregister: VR 470450<br>\nRegistergericht: Amtsgericht Offenburg<\/p>\n\n\n\n<p>Vertreten durch den Vorstand: <br> Florian Woodtli<br> Manuel Bohnert<\/p>\n\n\n\n<p><strong>Kontakt<\/strong><br> Telefon: +49 151 59465004<br> E-Mail: info@Chorgemeinschaft-ebersweier.de<br> Wir sind nicht bereit oder verpflichtet, an Streitbeilegungsverfahren vor einer Verbraucherschlichtungsstelle teilzunehmen.<\/p>\n\n\n\n<p><strong>Haftung f\u00fcr Inhalte<\/strong><br> Als Diensteanbieter sind wir gem\u00e4\u00df \u00a7 7 Abs.1 TMG f\u00fcr eigene Inhalte auf diesen Seiten nach den<br> allgemeinen Gesetzen verantwortlich. Nach \u00a7\u00a7 8 bis 10 TMG sind wir als Diensteanbieter jedoch nicht<br> verpflichtet, \u00fcbermittelte oder gespeicherte fremde Informationen zu \u00fcberwachen oder nach Umst\u00e4nden zu<br> forschen, die auf eine rechtswidrige T\u00e4tigkeit hinweisen.<br> Verpflichtungen zur Entfernung oder Sperrung der Nutzung von Informationen nach den allgemeinen<br> Gesetzen bleiben hiervon unber\u00fchrt. Eine diesbez\u00fcgliche Haftung ist jedoch erst ab dem Zeitpunkt der<br> Kenntnis einer konkreten Rechtsverletzung m\u00f6glich. Bei Bekanntwerden von entsprechenden<br> Rechtsverletzungen werden wir diese Inhalte umgehend entfernen.<\/p>\n\n\n\n<p><strong>Haftung f\u00fcr Links<\/strong><br> Unser Angebot enth\u00e4lt Links zu externen Websites Dritter, auf deren Inhalte wir keinen Einfluss haben.<\/p>\n\n\n\n<p>Deshalb k\u00f6nnen wir f\u00fcr diese fremden Inhalte auch keine Gew\u00e4hr \u00fcbernehmen. F\u00fcr die Inhalte der <br>\nverlinkten Seiten ist stets der jeweilige Anbieter oder Betreiber der Seiten verantwortlich. Die verlinkten<br>\nSeiten wurden zum Zeitpunkt der Verlinkung auf m\u00f6gliche Rechtsverst\u00f6\u00dfe \u00fcberpr\u00fcft. Rechtswidrige Inhalte<br>\nwaren zum Zeitpunkt der Verlinkung nicht erkennbar.<br>\nEine permanente inhaltliche Kontrolle der verlinkten Seiten ist jedoch ohne konkrete Anhaltspunkte einer<br>\nRechtsverletzung nicht zumutbar. Bei Bekanntwerden von Rechtsverletzungen werden wir derartige Links<br>\numgehend entfernen.<\/p>\n\n\n\n<p><strong>Urheberrecht<\/strong><br> Die durch die Seitenbetreiber erstellten Inhalte und Werke auf diesen Seiten unterliegen dem deutschen<br> Urheberrecht. Die Vervielf\u00e4ltigung, Bearbeitung, Verbreitung und jede Art der Verwertung au\u00dferhalb der<br> Grenzen des Urheberrechtes bed\u00fcrfen der schriftlichen Zustimmung des jeweiligen Autors bzw. Erstellers.<br> Downloads und Kopien dieser Seite sind nur f\u00fcr den privaten, nicht kommerziellen Gebrauch gestattet.Angaben<br> Soweit die Inhalte auf dieser Seite nicht vom Betreiber erstellt wurden, werden die Urheberrechte Dritter<br> beachtet. Insbesondere werden Inhalte Dritter als solche gekennzeichnet. Sollten Sie trotzdem auf eine<br> Urheberrechtsverletzung aufmerksam werden, bitten wir um einen entsprechenden Hinweis. Bei<br> Bekanntwerden von Rechtsverletzungen werden wir derartige Inhalte umgehend entfernen.<\/p>\n\n\n\n<p>Quelle:<\/p>\n\n\n\n<p>https:\/\/www.e-recht24.de<\/p>\n","protected":false},"excerpt":{"rendered":"<p>Angaben gem\u00e4\u00df \u00a7 5 TMG Chorgemeinschaft Ebersweier e.V. 77770 Durbach-Ebersweier Vereinsregister: VR 470450 Registergericht: Amtsgericht Offenburg Vertreten durch den Vorstand: Florian Woodtli Manuel Bohnert Kontakt Telefon: +49 151 59465004 E-Mail: info@Chorgemeinschaft-ebersweier.de Wir sind nicht bereit&#8230;<\/p>\n","protected":false},"author":1,"featured_media":0,"parent":0,"menu_order":0,"comment_status":"closed","ping_status":"closed","template":"","meta":{"footnotes":""},"class_list":["post-32","page","type-page","status-publish","hentry"],"_links":{"self":[{"href":"https:\/\/chorgemeinschaft-ebersweier.de\/index.php?rest_route=\/wp\/v2\/pages\/32","targetHints":{"allow":["GET"]}}],"collection":[{"href":"https:\/\/chorgemeinschaft-ebersweier.de\/index.php?rest_route=\/wp\/v2\/pages"}],"about":[{"href":"https:\/\/chorgemeinschaft-ebersweier.de\/index.php?rest_route=\/wp\/v2\/types\/page"}],"author":[{"embeddable":true,"href":"https:\/\/chorgemeinschaft-ebersweier.de\/index.php?rest_route=\/wp\/v2\/users\/1"}],"replies":[{"embeddable":true,"href":"https:\/\/chorgemeinschaft-ebersweier.de\/index.php?rest_route=%2Fwp%2Fv2%2Fcomments&post=32"}],"version-history":[{"count":9,"href":"https:\/\/chorgemeinschaft-ebersweier.de\/index.php?rest_route=\/wp\/v2\/pages\/32\/revisions"}],"predecessor-version":[{"id":244,"href":"https:\/\/chorgemeinschaft-ebersweier.de\/index.php?rest_route=\/wp\/v2\/pages\/32\/revisions\/244"}],"wp:attachment":[{"href":"https:\/\/chorgemeinschaft-ebersweier.de\/index.php?rest_route=%2Fwp%2Fv2%2Fmedia&parent=32"}],"curies":[{"name":"wp","href":"https:\/\/api.w.org\/{rel}","templated":true}]}}